{"id":1064,"date":"2024-01-03T15:26:35","date_gmt":"2024-01-03T15:26:35","guid":{"rendered":"https:\/\/fardamentosparaempresas.pt\/?post_type=product&#038;p=1064"},"modified":"2024-01-12T12:47:46","modified_gmt":"2024-01-12T12:47:46","slug":"t-shirt-luanda","status":"publish","type":"product","link":"https:\/\/fardamentosparaempresas.pt\/?product=t-shirt-luanda","title":{"rendered":"T-SHIRT LUANDA"},"content":{"rendered":"<p><img fetchpriority=\"high\" decoding=\"async\" class=\"alignnone wp-image-1065 size-full\" src=\"https:\/\/fardamentosparaempresas.pt\/wp-content\/uploads\/2024\/01\/Captura-de-ecra-2024-01-03-152413.png\" alt=\"\" width=\"932\" height=\"333\" srcset=\"https:\/\/fardamentosparaempresas.pt\/wp-content\/uploads\/2024\/01\/Captura-de-ecra-2024-01-03-152413.png 932w, https:\/\/fardamentosparaempresas.pt\/wp-content\/uploads\/2024\/01\/Captura-de-ecra-2024-01-03-152413-300x107.png 300w, https:\/\/fardamentosparaempresas.pt\/wp-content\/uploads\/2024\/01\/Captura-de-ecra-2024-01-03-152413-768x274.png 768w, https:\/\/fardamentosparaempresas.pt\/wp-content\/uploads\/2024\/01\/Captura-de-ecra-2024-01-03-152413-600x214.png 600w\" sizes=\"(max-width: 932px) 100vw, 932px\" \/><\/p>\n<ul>\n<li>Malha jersey 100% algod\u00e3o<\/li>\n<li>Gola em rib 1&#215;1<\/li>\n<li>Costura dupla nas mangas e parte inferior do artigo<\/li>\n<li>Tubular<\/li>\n<li>Corte regular<\/li>\n<li>Fio de algod\u00e3o cardado<\/li>\n<li>Fita de refor\u00e7o em jersey<\/li>\n<\/ul>\n<ol>\n<li>65% algod\u00e3o \/ 35% poli\u00e9ster<\/li>\n<li>90% algod\u00e3o \/ 10% viscose<\/li>\n<li>98% algod\u00e3o \/ 2% viscose<\/li>\n<\/ol>\n","protected":false},"excerpt":{"rendered":"<p>Malha jersey 100% algod\u00e3o Gola em rib 1&#215;1 Costura dupla nas mangas e parte inferior do artigo Tubular Corte regular Fio de algod\u00e3o cardado Fita de refor\u00e7o em jersey 65% algod\u00e3o \/ 35% poli\u00e9ster 90% algod\u00e3o \/ 10% viscose 98% algod\u00e3o \/ 2% viscose<\/p>\n","protected":false},"featured_media":1069,"template":"","meta":[],"product_cat":[31],"product_tag":[],"class_list":{"0":"post-1064","1":"product","2":"type-product","3":"status-publish","4":"has-post-thumbnail","6":"product_cat-t-shirts","7":"tm-has-options","9":"first","10":"instock","11":"featured","12":"taxable","13":"shipping-taxable","14":"purchasable","15":"product-type-simple"},"jetpack_sharing_enabled":true,"_links":{"self":[{"href":"https:\/\/fardamentosparaempresas.pt\/index.php?rest_route=\/wp\/v2\/product\/1064","targetHints":{"allow":["GET"]}}],"collection":[{"href":"https:\/\/fardamentosparaempresas.pt\/index.php?rest_route=\/wp\/v2\/product"}],"about":[{"href":"https:\/\/fardamentosparaempresas.pt\/index.php?rest_route=\/wp\/v2\/types\/product"}],"wp:featuredmedia":[{"embeddable":true,"href":"https:\/\/fardamentosparaempresas.pt\/index.php?rest_route=\/wp\/v2\/media\/1069"}],"wp:attachment":[{"href":"https:\/\/fardamentosparaempresas.pt\/index.php?rest_route=%2Fwp%2Fv2%2Fmedia&parent=1064"}],"wp:term":[{"taxonomy":"product_cat","embeddable":true,"href":"https:\/\/fardamentosparaempresas.pt\/index.php?rest_route=%2Fwp%2Fv2%2Fproduct_cat&post=1064"},{"taxonomy":"product_tag","embeddable":true,"href":"https:\/\/fardamentosparaempresas.pt\/index.php?rest_route=%2Fwp%2Fv2%2Fproduct_tag&post=1064"}],"curies":[{"name":"wp","href":"https:\/\/api.w.org\/{rel}","templated":true}]}}